{"id":119,"date":"2018-10-21T14:58:13","date_gmt":"2018-10-21T14:58:13","guid":{"rendered":"https:\/\/www.skiclub-schwarzenfeld.de\/?page_id=119"},"modified":"2022-10-14T16:33:24","modified_gmt":"2022-10-14T16:33:24","slug":"mitglied-werden","status":"publish","type":"page","link":"https:\/\/www.skiclub-schwarzenfeld.de\/index.php\/mitglied-werden\/","title":{"rendered":"Mitglied werden"},"content":{"rendered":"\r\n<p class=\"wp-block-paragraph\">Informationen \u00fcber die Mitgliedschaft im Skiclub Schwarzenfeld, <a href=\"https:\/\/www.skiclub-schwarzenfeld.de\/wp-content\/uploads\/2018\/12\/Beitrittserkl\u00e4rung-Skiclub-Schwarzenfeld.docx\">Beitrittserkl\u00e4rung\u00a0<\/a> und die aktuelle Satzung \/ Mitgliedsbeitr\u00e4ge einfach per <a href=\"mailto:info@skiclub-schwarzenfeld.de\">E-Mail<\/a> anfordern.<\/p>\r\n<ul>\r\n<li><a href=\"https:\/\/www.skiclub-schwarzenfeld.de\/wp-content\/uploads\/2019\/11\/Datenschutzerklaerung-SCS.docx\">Datenschutzerkl\u00e4rung<\/a> und <br \/><br \/><\/li>\r\n<li><a href=\"https:\/\/www.skiclub-schwarzenfeld.de\/wp-content\/uploads\/2019\/01\/Einverst\u00e4ndniserkl\u00e4rung-SCS.pdf\">Einverst\u00e4ndniserkl\u00e4rung Skiclub Schwarzenfeld<\/a><br \/><br \/><\/li>\r\n<li><a href=\"https:\/\/www.skiclub-schwarzenfeld.de\/wp-content\/uploads\/2022\/10\/Einstufung-fuer-unsere-Skikurse.pdf\">Einstufung f\u00fcr unsere Skikurse<\/a><\/li>\r\n<\/ul>\r\n<p>Wir freuen uns auf Euch!<\/p>\r\n\r\n\r\n","protected":false},"excerpt":{"rendered":"<p>Informationen \u00fcber die Mitgliedschaft im Skiclub Schwarzenfeld, Beitrittserkl\u00e4rung\u00a0 und die aktuelle Satzung \/ Mitgliedsbeitr\u00e4ge einfach per E-Mail anfordern. Datenschutzerkl\u00e4rung und Einverst\u00e4ndniserkl\u00e4rung Skiclub Schwarzenfeld Einstufung f\u00fcr unsere Skikurse Wir freuen uns auf Euch!<\/p>\n","protected":false},"author":1,"featured_media":148,"parent":0,"menu_order":0,"comment_status":"closed","ping_status":"closed","template":"","meta":{"_crdt_document":"","footnotes":""},"class_list":["post-119","page","type-page","status-publish","has-post-thumbnail","hentry","has-thumb"],"_links":{"self":[{"href":"https:\/\/www.skiclub-schwarzenfeld.de\/index.php\/wp-json\/wp\/v2\/pages\/119","targetHints":{"allow":["GET"]}}],"collection":[{"href":"https:\/\/www.skiclub-schwarzenfeld.de\/index.php\/wp-json\/wp\/v2\/pages"}],"about":[{"href":"https:\/\/www.skiclub-schwarzenfeld.de\/index.php\/wp-json\/wp\/v2\/types\/page"}],"author":[{"embeddable":true,"href":"https:\/\/www.skiclub-schwarzenfeld.de\/index.php\/wp-json\/wp\/v2\/users\/1"}],"replies":[{"embeddable":true,"href":"https:\/\/www.skiclub-schwarzenfeld.de\/index.php\/wp-json\/wp\/v2\/comments?post=119"}],"version-history":[{"count":12,"href":"https:\/\/www.skiclub-schwarzenfeld.de\/index.php\/wp-json\/wp\/v2\/pages\/119\/revisions"}],"predecessor-version":[{"id":463,"href":"https:\/\/www.skiclub-schwarzenfeld.de\/index.php\/wp-json\/wp\/v2\/pages\/119\/revisions\/463"}],"wp:featuredmedia":[{"embeddable":true,"href":"https:\/\/www.skiclub-schwarzenfeld.de\/index.php\/wp-json\/wp\/v2\/media\/148"}],"wp:attachment":[{"href":"https:\/\/www.skiclub-schwarzenfeld.de\/index.php\/wp-json\/wp\/v2\/media?parent=119"}],"curies":[{"name":"wp","href":"https:\/\/api.w.org\/{rel}","templated":true}]}}