{"id":121,"date":"2018-10-21T14:58:52","date_gmt":"2018-10-21T14:58:52","guid":{"rendered":"https:\/\/www.skiclub-schwarzenfeld.de\/?page_id=121"},"modified":"2025-10-23T08:59:42","modified_gmt":"2025-10-23T08:59:42","slug":"ausfahrten-2","status":"publish","type":"page","link":"https:\/\/www.skiclub-schwarzenfeld.de\/index.php\/ausfahrten-2\/","title":{"rendered":"Ausfahrten und Kurse"},"content":{"rendered":"\r\n\r\n<p><iframe loading=\"lazy\" width=\"100%\" height=\"150\" id=\"5d9c60fb46e0fb0001c588f5\" class=\"yolawo-widget\" allow=\"payment\" src=\"https:\/\/widgets.yolawo.de\/w\/5d9c60fb46e0fb0001c588f5\" frameborder=\"0\" data-offset-x=\"50\" scrolling=\"no\"><\/iframe><script type=\"text\/javascript\" src=\"https:\/\/widgets.yolawo.de\/assets\/script.js\"><\/script><\/p>\n<p>&nbsp;<\/p>\n<div id=\"accordions-164\" class=\"accordions-164 accordions\" data-accordions={&quot;lazyLoad&quot;:false,&quot;id&quot;:&quot;164&quot;,&quot;event&quot;:&quot;click&quot;,&quot;collapsible&quot;:&quot;true&quot;,&quot;heightStyle&quot;:&quot;content&quot;,&quot;animateStyle&quot;:&quot;swing&quot;,&quot;animateDelay&quot;:1000,&quot;navigation&quot;:true,&quot;active&quot;:999,&quot;expandedOther&quot;:&quot;no&quot;}>\r\n                <div class=\"items\" >\r\n    <\/div>\r\n\r\n\r\n\r\n            <\/div>\n\r\n<p>&nbsp;<\/p>\r\n<p>&nbsp;<\/p>\r\n<p><strong>\u00dcbungsleiter f\u00fcr Ski &amp; Snowboard gesucht<\/strong><\/p>\r\n<p>Du bist ein begeisterter Ski- oder Snowboardfahrer? Du hast Lust auf die Arbeit mit Kindern und Jugendlichen, arbeitest gerne in einem Team und bist bei jedem Spa\u00df dabei? Kannst du dir vorstellen, dich zum Ski- oder Snowboardlehrer ausbilden zu lassen? Dann bist du bei uns genau richtig!<\/p>\r\n<p>Wir vom Skiclub Schwarzenfeld sind ein Team von \u00fcber 20 ausgebildeten Ski- und Snowboardlehrern. Unser Skiclub bietet Kurse f\u00fcr Anf\u00e4nger und Fortgeschrittene auf dem vereinseigenen Lift in \u00d6dengrub oder am Fahrenberg an.<\/p>\r\n<p>Um unser Team zu erweitern, suchen wir zuverl\u00e4ssigen und motivierten Nachwuchs. Du kannst gerne einfach vorbeikommen und dir die Kurse zun\u00e4chst anschauen, oder unter Anleitung von erfahrenen \u00dcbungsleitern gleich selbst die ersten \u00dcbungen mit den Kids machen. F\u00fcr unsere n\u00e4chsten Skikurse fahren wir am 24.01.2026 und am 07.02.2026 zum Fahrenberg. Wenn du Lust darauf hast, freuen wir uns \u00fcber deinen ersten \u201eSchnupperkurs\u201c.<\/p>\r\n<p>Das erwarten wir von dir<br \/>\u2013 Du bist mindestens 16 Jahre alt<br \/>\u2013 Du stehst sicher auf Ski oder Snowboard<br \/>\u2013 Du hast Spa\u00df an der Arbeit mit Kindern und Jugendlichen<br \/>\u2013 Das Wort \u201eVerantwortung\u201c ist dir nicht v\u00f6llig fremd<\/p>\r\n<p>Das bieten wir dir<br \/>\u2013 Arbeit in einem jungen, engagierten Team<br \/>\u2013 Fortbildung durch vereinsinterne Skilehrer bzw. durch BSV- bzw. DSV-zertifizierte Ausbilder<br \/>\u2013 Spa\u00df mit Kindern und Jugendlichen und Freude \u00fcber die Lernfortschritte bei den Kursen<\/p>\r\n<p>Du bist der Meinung das passt? Dann melde dich einfach bei Lisa P\u00f6sl und informiere dich \u00fcber die M\u00f6glichkeiten!<\/p>\r\n<p>Kontakt:<br \/>Lisa P\u00f6sl <br \/>Telefon \u00a009675 1533<br \/>oder per Mail: <a href=\"mailto:lisa.poesl@gmx.de\">lisa.poesl@gmx.de<\/a><br \/>_________________________________________________________________________________________<\/p>\r\n<p><strong>Ski- &amp; Snowboardkurse in \u00d6dengrub<\/strong><br \/>Bei ausreichend Schnee finden unsere Ski- und Snowboardkurse am vereinseigenen Lift in \u00d6dengrub statt. <br \/>In der Regel ist am Samstag ab 13:00 Uhr Anmeldung in der Skih\u00fctte und von 14:00 bis 15:30 Uhr Ski-\/Snowboardkurs durch unsere ausgebildeten Ski- und Snowboardlehrer. <br \/>Am Sonntag ist ebenfalls von 14:00 &#8211; 15:30 Uhr Kurs.<br \/><br \/>Ski- und Snowboardkurse finden fast immer bei guter Schneelage an den Wochenenden (Sa\/So) statt. Hier bieten wir Kurse f\u00fcr alle Altersklassen ab 4 Jahren an. Aber auch Erwachsene k\u00f6nnen sich bei uns zu den Kursen bzw. zu Individualunterricht anmelden.<br \/>Oft ist es so, dass in \u00d6dengrub schon Schnee liegt und in Schwarzenfeld nicht. Deshalb rufen Sie bitte am H\u00fcttentelefon unter der Nr. 09439 345 an, ob der Lift in Betrieb ist bzw. Kurse stattfinden.<br \/><br \/>Da rechtlich nur Mitglieder des Skiclubs geschult werden d\u00fcrfen, ist f\u00fcr Neumitglieder bei der Anmeldung eine Beitrittserkl\u00e4rung auszuf\u00fcllen.<br \/>Die Skibindung Ihres Kindes muss von einem Fachgesch\u00e4ft eingestellt worden sein. Bei den Kursen besteht Helmpflicht.<br \/><br \/>W\u00e4hrend die Kinder und Jugendlichen am Skihang die ersten Schw\u00fcnge lernen, k\u00f6nnen sich die Eltern in der Skih\u00fctte bei Kaffee und Kuchen oder sonstigen Leckereien st\u00e4rken.<br \/>Ausf\u00fchrliche Informationen zu den Ski- und Snowboardkursen erhalten Sie bei Fam. P\u00f6sl (09675 1533)<\/p>\r\n<p><!-- \/wp:post-content -->\r\n\r\n<!-- wp:paragraph \/-->\r\n\r\n<!-- wp:separator --><\/p>\r\n<hr class=\"wp-block-separator\" \/>\r\n<p><!-- \/wp:separator -->\r\n\r\n<!-- wp:paragraph --><\/p>\r\n<p><strong>Ski- &amp; Snowboardkurse am Fahrenberg<\/strong><br \/>Falls der Winterzauber am Lift in \u00d6dengrub wieder ausbleiben sollte, bietet der Fahrenberg ein Skigebiet f\u00fcr Anf\u00e4nger und Fortgeschrittene. Unsere Ski- und Snowboardlehrer schulen die Kursteilnehmer an zwei festen Terminen mit Freude und versuchen, diese individuell in ihrem Fahrk\u00f6nnen weiterzuentwickeln. <br \/>Termin 1: 24.01.2026<br \/>Termin 2: 07.02.2026<\/p>\r\n<p><strong>Anmeldung f\u00fcr die Kurse am Fahrenberg bitte mit unserer komfortablen Online-Anmeldung unter dem Men\u00fcpunkt &#8222;Ausfahrten&#8220;.<\/strong><\/p>\r\n<ul>\r\n<li><span> <\/span><span>Brotzeit und warme Getr\u00e4nke in der Mittagspause sind inklusive. <br \/>Trotzdem sollten Sie ihrem Kind einen Rucksack mit weiterem Getr\u00e4nk, S\u00fc\u00dfem, Taschengeld, 2. Paar Handschuhe, warme Wechselkleidung etc. mitgeben. <\/span><\/li>\r\n<li><span> <\/span><span>Die Skibindung ihres Kindes muss von einem Fachgesch\u00e4ft eingestellt worden sein. <\/span><\/li>\r\n<li><span> <\/span><span>Bei den Skikursen besteht Helmpflicht! <\/span><\/li>\r\n<li><span> <\/span><span>Bitte teilen Sie uns mit, wenn f\u00fcr unser Lehrteam Besonderheiten bei Ihrem Kind zu beachten sind z. B. <\/span><span>Allergien, Krankheiten, &#8230; <\/span><\/li>\r\n<\/ul>\r\n<ul>\r\n<li>Rechtlich d\u00fcrfen nur Mitglieder des Skiclubs geschult werden, deshalb muss jedes Neumitglied eine vollst\u00e4ndig ausgef\u00fcllte Beitrittserkl\u00e4rung mit der dazugeh\u00f6rigen Datenschutzerkl\u00e4rung abgeben (in der Skih\u00fctte, bei der Skigymnastik oder vor der Abfahrt).<\/li>\r\n<li><span> Bei Krankheit wird die Kursgeb\u00fchr erstattet.<\/span><\/li>\r\n<\/ul>\r\n<hr class=\"wp-block-separator\" \/>\r\n<p><!-- \/wp:paragraph -->\r\n\r\n<!-- wp:paragraph --><\/p>\r\n<p><a href=\"mailto:lisa.poesl@gmx.de\"><\/a>Ski- und Snowboardkurse f\u00fcr Gro\u00df und Klein, Anf\u00e4nger oder Fortgeschrittene.<\/p>\r\n<p><!-- \/wp:paragraph -->\r\n\r\n<!-- wp:paragraph --><\/p>\r\n<p>Aktuelle Infos auf auf der <a href=\"https:\/\/www.facebook.com\/SkiclubSchwarzenfeldEv\">Skiclub Facebook-Seite<\/a>.<\/p>","protected":false},"excerpt":{"rendered":"<p>&nbsp; &nbsp; \u00dcbungsleiter f\u00fcr Ski &amp; Snowboard gesucht Du bist ein begeisterter Ski- oder Snowboardfahrer? Du hast Lust auf die Arbeit mit Kindern und Jugendlichen, arbeitest gerne in einem Team und bist bei jedem Spa\u00df dabei? Kannst du dir vorstellen, dich zum Ski- oder Snowboardlehrer ausbilden zu lassen? Dann bist du bei uns genau richtig! Wir vom Skiclub Schwarzenfeld sind ein Team von \u00fcber 20 ausgebildeten Ski- und Snowboardlehrern. Unser Skiclub bietet Kurse f\u00fcr Anf\u00e4nger und Fortgeschrittene auf dem vereinseigenen Lift in \u00d6dengrub oder am Fahrenberg an. Um unser Team zu erweitern, suchen wir zuverl\u00e4ssigen und motivierten Nachwuchs. Du kannst gerneContinue reading &rarr;<\/p>\n","protected":false},"author":1,"featured_media":67,"parent":0,"menu_order":0,"comment_status":"closed","ping_status":"closed","template":"","meta":{"_crdt_document":"","footnotes":""},"class_list":["post-121","page","type-page","status-publish","has-post-thumbnail","hentry","has-thumb"],"_links":{"self":[{"href":"https:\/\/www.skiclub-schwarzenfeld.de\/index.php\/wp-json\/wp\/v2\/pages\/121","targetHints":{"allow":["GET"]}}],"collection":[{"href":"https:\/\/www.skiclub-schwarzenfeld.de\/index.php\/wp-json\/wp\/v2\/pages"}],"about":[{"href":"https:\/\/www.skiclub-schwarzenfeld.de\/index.php\/wp-json\/wp\/v2\/types\/page"}],"author":[{"embeddable":true,"href":"https:\/\/www.skiclub-schwarzenfeld.de\/index.php\/wp-json\/wp\/v2\/users\/1"}],"replies":[{"embeddable":true,"href":"https:\/\/www.skiclub-schwarzenfeld.de\/index.php\/wp-json\/wp\/v2\/comments?post=121"}],"version-history":[{"count":25,"href":"https:\/\/www.skiclub-schwarzenfeld.de\/index.php\/wp-json\/wp\/v2\/pages\/121\/revisions"}],"predecessor-version":[{"id":706,"href":"https:\/\/www.skiclub-schwarzenfeld.de\/index.php\/wp-json\/wp\/v2\/pages\/121\/revisions\/706"}],"wp:featuredmedia":[{"embeddable":true,"href":"https:\/\/www.skiclub-schwarzenfeld.de\/index.php\/wp-json\/wp\/v2\/media\/67"}],"wp:attachment":[{"href":"https:\/\/www.skiclub-schwarzenfeld.de\/index.php\/wp-json\/wp\/v2\/media?parent=121"}],"curies":[{"name":"wp","href":"https:\/\/api.w.org\/{rel}","templated":true}]}}