{"id":7,"date":"2018-10-21T08:33:29","date_gmt":"2018-10-21T08:33:29","guid":{"rendered":"https:\/\/www.skiclub-schwarzenfeld.de\/?page_id=7"},"modified":"2018-11-04T19:50:51","modified_gmt":"2018-11-04T19:50:51","slug":"aktuelles","status":"publish","type":"page","link":"https:\/\/www.skiclub-schwarzenfeld.de\/index.php\/aktuelles\/","title":{"rendered":"\u00dcber uns"},"content":{"rendered":"<p><strong>Der Skiclub Schwarzenfeld e.V., bereits 1949 gegr\u00fcndet, betreibt in den Wintermonaten das Ski- und Freitzeigel\u00e4nde \u00d6dengrub.<\/strong><\/p>\r\n<p>Hier werden bei ausreichend Schnee Ski- und Snowbaordkurse f\u00fcr Gro\u00df und Klein angeboten. Aktuellste Informationen erhaltet ihr \u00fcber die <a href=\"https:\/\/www.facebook.com\/SkiclubSchwarzenfeldEv\"><strong>Skiclub Facebook-Seite<\/strong><\/a> \u2013 am besten gleich &#8222;liken&#8220; und so immer die auf dem Laufenden bleiben!<\/p>\r\n<p>Bei ausreichend Schnee ist das Ski- und Freizeitgel\u00e4de \u00d6dengrub ge\u00f6ffnet. Aktuelle Infos in der Tagespresse, auf Facebook oder am Telefon der Skih\u00fctte: 09439 \/ 345<\/p>\r\n\r\n<figure class=\"wp-block-image\"><img loading=\"lazy\" decoding=\"async\" width=\"1600\" height=\"1000\" src=\"https:\/\/www.skiclub-schwarzenfeld.de\/wp-content\/uploads\/2018\/10\/Oedengrub.jpg\" alt=\"Skih\u00fctte \u00d6dengrub\" class=\"wp-image-68\" srcset=\"https:\/\/www.skiclub-schwarzenfeld.de\/wp-content\/uploads\/2018\/10\/Oedengrub.jpg 1600w, https:\/\/www.skiclub-schwarzenfeld.de\/wp-content\/uploads\/2018\/10\/Oedengrub-300x188.jpg 300w, https:\/\/www.skiclub-schwarzenfeld.de\/wp-content\/uploads\/2018\/10\/Oedengrub-768x480.jpg 768w, https:\/\/www.skiclub-schwarzenfeld.de\/wp-content\/uploads\/2018\/10\/Oedengrub-1024x640.jpg 1024w\" sizes=\"auto, (max-width: 1600px) 100vw, 1600px\" \/>\r\n<figcaption>Ski- und Freizeitgel\u00e4nde \u00d6dengrub bei Kemnath\/Fuhrn<\/figcaption>\r\n<\/figure>\r\n\r\n\r\n<div id=\"lmm_2a795263\" style=\"width:100%;\" class=\"mapsmarker markermap marker-1\">\n<div id=\"lmm_panel_2a795263\" class=\"lmm-panel\" style=\"background:#efefef;\">\n<div id=\"lmm_panel_api_2a795263\" class=\"lmm-panel-api\"><a href=\"https:\/\/maps.google.com\/maps?daddr=Oedengrub+Bayern%2C+Deutschland&amp;t=m&amp;layer=1&amp;doflg=ptk&amp;om=0\" target=\"_blank\" title=\"Wegbeschreibung berechnen\"><img loading=\"lazy\" decoding=\"async\" alt=\"icon-car.png\" src=\"https:\/\/www.skiclub-schwarzenfeld.de\/wp-content\/plugins\/leaflet-maps-marker\/inc\/img\/icon-car.png\" width=\"14\" height=\"14\" class=\"lmm-panel-api-images\" \/><\/a><\/div><div id=\"lmm_panel_text_2a795263\" class=\"lmm-panel-text\" style=\"font-weight:bold;color:#373737;\">\u00d6dengrub<\/div><\/div>\n<div id=\"lmm_map_2a795263\" class=\"lmm-map\" style=\"background:#f6f6f6;border:1px solid #ccc;height:480px; overflow:hidden;padding:0;\"><p style=\"font-size:80%;color:#9f9e9e;margin-left:5px;\">Karte wird geladen - bitte warten...<noscript><br\/><strong>Karte konnte nicht geladen werden - bitte aktivieren Sie Javascript!<\/strong><br\/><a style=\"text-decoration:none;\" href=\"https:\/\/www.mapsmarker.com\/js-disabled\" target=\"_blank\">&rarr; Weitere Informationen<\/a><\/noscript><\/p><\/div>\n<div id=\"lmm_geo_tags_2a795263\" class=\"lmm-geo-tags geo\">\n<span class=\"paneltext\">\u00d6dengrub<\/span>\n<span class=\"latitude\">49.360100<\/span>, <span class=\"longitude\">12.272500<\/span>\n<span class=\"popuptext\"><\/span>\n<\/div>\n<\/div>\n","protected":false},"excerpt":{"rendered":"<p>Der Skiclub Schwarzenfeld e.V., bereits 1949 gegr\u00fcndet, betreibt in den Wintermonaten das Ski- und Freitzeigel\u00e4nde \u00d6dengrub. Hier werden bei ausreichend Schnee Ski- und Snowbaordkurse f\u00fcr Gro\u00df und Klein angeboten. Aktuellste Informationen erhaltet ihr \u00fcber die Skiclub Facebook-Seite \u2013 am besten gleich &#8222;liken&#8220; und so immer die auf dem Laufenden bleiben! Bei ausreichend Schnee ist das Ski- und Freizeitgel\u00e4de \u00d6dengrub ge\u00f6ffnet. Aktuelle Infos in der Tagespresse, auf Facebook oder am Telefon der Skih\u00fctte: 09439 \/ 345<\/p>\n","protected":false},"author":1,"featured_media":15,"parent":0,"menu_order":0,"comment_status":"closed","ping_status":"closed","template":"","meta":{"_crdt_document":"","footnotes":""},"class_list":["post-7","page","type-page","status-publish","has-post-thumbnail","hentry","has-thumb"],"_links":{"self":[{"href":"https:\/\/www.skiclub-schwarzenfeld.de\/index.php\/wp-json\/wp\/v2\/pages\/7","targetHints":{"allow":["GET"]}}],"collection":[{"href":"https:\/\/www.skiclub-schwarzenfeld.de\/index.php\/wp-json\/wp\/v2\/pages"}],"about":[{"href":"https:\/\/www.skiclub-schwarzenfeld.de\/index.php\/wp-json\/wp\/v2\/types\/page"}],"author":[{"embeddable":true,"href":"https:\/\/www.skiclub-schwarzenfeld.de\/index.php\/wp-json\/wp\/v2\/users\/1"}],"replies":[{"embeddable":true,"href":"https:\/\/www.skiclub-schwarzenfeld.de\/index.php\/wp-json\/wp\/v2\/comments?post=7"}],"version-history":[{"count":6,"href":"https:\/\/www.skiclub-schwarzenfeld.de\/index.php\/wp-json\/wp\/v2\/pages\/7\/revisions"}],"predecessor-version":[{"id":200,"href":"https:\/\/www.skiclub-schwarzenfeld.de\/index.php\/wp-json\/wp\/v2\/pages\/7\/revisions\/200"}],"wp:featuredmedia":[{"embeddable":true,"href":"https:\/\/www.skiclub-schwarzenfeld.de\/index.php\/wp-json\/wp\/v2\/media\/15"}],"wp:attachment":[{"href":"https:\/\/www.skiclub-schwarzenfeld.de\/index.php\/wp-json\/wp\/v2\/media?parent=7"}],"curies":[{"name":"wp","href":"https:\/\/api.w.org\/{rel}","templated":true}]}}